{"id":106,"date":"2025-10-22T09:02:02","date_gmt":"2025-10-22T09:02:02","guid":{"rendered":"https:\/\/newglobaleconomy.org\/?page_id=106"},"modified":"2025-11-06T15:48:04","modified_gmt":"2025-11-06T15:48:04","slug":"multinationals-global-value-chains-and-international-outsourcing-moving-towards-a-new-era-of-globalisation","status":"publish","type":"page","link":"https:\/\/newglobaleconomy.org\/it\/the-theory-of-the-one-contracting-party-apparent-economy\/multinationals-global-value-chains-and-international-outsourcing-moving-towards-a-new-era-of-globalisation\/","title":{"rendered":"Multinazionali, Global Value Chain e outsourcing internazionale: verso una nuova era della globalizzazione"},"content":{"rendered":"<p>L&#8217;imponente commercio internazionale dominato dalle imprese di gruppo necessita di <strong>approfondimenti statistici su cui stanno lavorando le pi\u00f9 importanti organizzazioni internazionali<\/strong> interessate, a vario titolo, all&#8217;evoluzione della globalizzazione economica: FMI, Eurostat, Organizzazione Mondiale del Commercio (OMC), Organizzazioni delle Nazioni Unite per lo Sviluppo Industriale (UNIDO), Organizzazione Internazionale del Lavoro (ILO), Banca Mondiale, Organizzazione per la Cooperazione e lo Sviluppo Economico (OECD)<a href=\"#_ftn1\" name=\"_ftnref1\">[1]<\/a>.<\/p>\n<p>Lo sforzo compiuto da tali enti per la <strong>creazione di un sistema statistico<\/strong> che consenta di comprendere l&#8217;<strong>impatto che la struttura organizzativa delle multinazionali ha sull&#8217;economia globale<\/strong> e sulle politiche dei singoli paesi \u00e8 dunque ancora in corso di sperimentazione. Attualmente presenta diverse lacune in ragione della non standardizzazione dei dati provenienti da diversi database, della mancanza di informazioni dettagliate, della necessit\u00e0 di analizzare altri aspetti del fenomeno sintetizzati in nuovi indicatori<a href=\"#_ftn2\" name=\"_ftnref2\">[2]<\/a>.<\/p>\n<p>La base metodologica per la rilevazione statistica degli IDE \u00e8 quella fornita dal FMI nel Manuale della bilancia dei pagamenti e della posizione patrimoniale sull&#8217;estero, sino a qualche anno fa giunto alla sesta edizione (BPM6) e di recente sostituito da una nuova versione (BPM7). Il documento \u00e8 stato realizzato in collaborazione con altri enti internazionali, tra cui la BCE e l&#8217;Eurostat. Tale sistema \u00e8 compatibile con il Sistema dei conti nazionali (SNA 2008), il Sistema europeo dei conti nazionali e regionali (SEC 2010), nonch\u00e9 con la quarta edizione della definizione di riferimento degli investimenti esteri (BD4) fornita dall&#8217;OCSE<a href=\"#_ftn3\" name=\"_ftnref3\">[3]<\/a>.<\/p>\n<p>L&#8217;OECD fornisce un database (AMNE) contenente i dati sugli scambi con le consociate estere (Foreign Affiliates Statistics, FATS) basati su diverse variabili, ossia settore di attivit\u00e0, produzione, occupazione valore aggiunto, ricerca e sviluppo, esportazioni<a href=\"#_ftn4\" name=\"_ftnref4\">[4]<\/a>.<\/p>\n<p>Gli scambi internazionali fra consociate rappresentano quindi un sottoinsieme degli IDE, poich\u00e9 questi forniscono informazioni pi\u00f9 generiche rispetto al fenomeno degli scambi infragruppo, ossia il valore monetario dei flussi di investimento esteri e la loro consistenza.<\/p>\n<p>E&#8217; stato posto in evidenza<a href=\"#_ftn5\" name=\"_ftnref5\">[5]<\/a> che uno dei limiti di questi dati \u00e8 che non \u00e8 detto che la societ\u00e0 controparte estera oggetto di rilevazione sia la destinataria finale dell&#8217;investimento (<em>immediate beneficiary<\/em>). Tipico esempio, il caso in cui i flussi di denaro transitano occasionalmente nei paesi che garantiscono vantaggi fiscali. Gli IDE pertanto non sono in grado di fornire informazioni dettagliate, sia dal punto di vista qualitativo che quantitativo, sulle relazioni finanziarie e commerciali fra societ\u00e0 appartenenti al medesimo gruppo.<\/p>\n<blockquote><p>La raccolta statistica dei dati e delle informazioni necessita quindi di una maggiore specializzazione sul fronte degli scambi e delle relazioni economiche e finanziarie infragruppo.<\/p><\/blockquote>\n<p>Nonostante tali limiti, l&#8217;UNCTAD delinea un quadro abbastanza esplicativo dell&#8217;enorme importanza assunta dalle multinazionali e dagli scambi fra societ\u00e0 collegate nell&#8217;economia mondiale<a href=\"#_ftn6\" name=\"_ftnref6\">[6]<\/a>. Dal 1990 gli IDE a livello globale sono cresciuti in modo esponenziale sino a raggiungere, nel 2012, i 23 trilioni di dollari<a href=\"#_ftn7\" name=\"_ftnref7\">[7]<\/a>. Rispetto all&#8217;anno precedente, nel 2015 gli IDE globali hanno subito una variazione in aumento del 38% crescendo di 1,76 trilioni di dollari, il livello pi\u00f9 alto dalla crisi finanziaria globale.<\/p>\n<p>Gli Stati Uniti restano la pi\u00f9 grande fonte e destinataria degli IDE, rappresentano circa un quarto degli afflussi mondiali prodotti nel 2015. L&#8217;Unione europea (UE), il Giappone, il Canada e la Svizzera insieme detengono circa il 90 per cento del patrimonio di investimenti diretti esteri negli Stati Uniti, mentre l&#8217;Unione europea e il Canada rappresentano le principali regioni geografiche destinatarie degli IDE statunitensi<a href=\"#_ftn8\" name=\"_ftnref8\">[8]<\/a>.<\/p>\n<p>Le statistiche mostrano come una parte della crescita degli IDE sia dipesa da riorganizzazioni d&#8217;impresa su larga scala che coinvolgono grandi movimenti nella bilancia dei pagamenti ma poche variazioni in termini reali. Sono state realizzate fusioni transfrontaliere e acquisizioni (<em>M&#038;As<\/em>) per 721 miliardi di dollari, rispetto ai 432 miliardi del 2014; questo \u00e8 stato il principale fattore dietro il rimbalzo globale. Il valore di investimenti <em>Greenfield<\/em> \u00e8 rimasto a un livello molto elevato, ossia 766 miliardi di dollari<a href=\"#_ftn9\" name=\"_ftnref9\">[9]<\/a>.<\/p>\n<p>Diversi studi empirici dimostrano che <strong>le consociate estere rappresentano una quota via via crescente del totale delle esportazioni di input intermedi provenienti dalle multinazionali<\/strong>, e che nella maggior parte dei casi si tratta di scambi commerciali infra-impresa di gruppo<a href=\"#_ftn10\" name=\"_ftnref10\">[10]<\/a>. Si stima che oltre il 30% degli scambi internazionali siano operati da consociate di imprese multinazionali \u2013 scambi intra-firm \u2013, cio\u00e8 un terzo delle esportazioni mondiali<a href=\"#_ftn11\" name=\"_ftnref11\">[11]<\/a>.<\/p>\n<p>Statistiche pi\u00f9 recenti del FMI mostrano che <strong>nel 2023 gli stocks di IDE<\/strong> sono cresciuti sino a raggiungere i <strong>41 trilioni di dollari<\/strong><a href=\"#_ftn12\" name=\"_ftnref12\">[12]<\/a>.<\/p>\n<p>Sino al 1990 le vendite delle affiliate estere e le esportazioni verso fornitori esteri \u201cindipendenti\u201d erano pressoch\u00e9 uguali. Dopo il 1990 le imprese hanno iniziato a esportare prevalentemente in favore delle affiliate estere, e nell&#8217;arco di pochi anni questa tipologia di scambi \u00e8 divenuta uno dei pi\u00f9 importanti \u2013 se non ormai il pi\u00f9 importante \u2013 canale commerciale internazionale<a href=\"#_ftn13\" name=\"_ftnref13\">[13]<\/a>.<\/p>\n<p><strong>Molte attivit\u00e0 della catena del valore globale (GVC, Global Value Chain) sono condotte dalle societ\u00e0 \u201cmadri\u201d e dalle loro affiliate<\/strong>. Circa il 43% del commercio totale degli Stati Uniti si riferisce a scambi che avvengono all&#8217;interno della stessa impresa di gruppo (intra-firm). Le multinazionali statunitensi rappresentano soltanto l&#8217;1% del totale delle imprese operanti negli Stati Uniti, e dal 1990 contribuiscono per un terzo della crescita del PIL reale e quasi per la met\u00e0 alla crescita della produttivit\u00e0 del lavoro negli USA<a href=\"#_ftn14\" name=\"_ftnref14\">[14]<\/a>.<\/p>\n<p>Storicamente le societ\u00e0 \u201cmadri\u201d statunitensi hanno prodotto una quota maggiore di valore aggiunto rispetto alle societ\u00e0 affiliate. Nel 2014, le societ\u00e0 \u201cmadri\u201d residenti negli Stati Uniti hanno prodotto il 71,9 per cento del valore aggiunto di tutte le multinazionali operanti negli USA, in aumento rispetto al 69,4 per cento realizzato nel 2009<a href=\"#_ftn15\" name=\"_ftnref15\">[15]<\/a>. Sempre nello stesso anno, si \u00e8 rilevato che il 52,4% delle esportazioni USA sono state realizzate dalle societ\u00e0 \u201cmadri\u201d in favore delle affiliate e che il 41,3% delle importazioni USA hanno riguardato importazioni di merci dalle affiliate estere verso le societ\u00e0 \u201cmadri\u201d statunitensi<a href=\"#_ftn16\" name=\"_ftnref16\">[16]<\/a>.<\/p>\n<p>La distribuzione regionale delle esportazioni destinate alle affiliate estere mostra che l&#8217;Europa \u00e8 la principale destinataria del flusso commerciale, con il 27,7%, seguita dal Canada con il 27,2%, l&#8217;Asia e del Pacifico (23,5 per cento), e in America Latina e altri nell&#8217;emisfero occidentale (20,5 per cento). Circa la met\u00e0 delle esportazioni sono indirizzate alle affiliate in Olanda (17,9 per cento), in Svizzera (17,2 per cento), e nel Regno Unito (16,9 per cento). Oltre due quinti delle esportazioni degli Stati Uniti verso consociate estere in Asia e Pacifico sono stati spediti a Singapore (25,1 per cento) e in Cina (20,1 per cento). In America Latina e in altre parti dell&#8217;emisfero occidentale, oltre due terzi delle esportazioni verso consociate estere sono state destinate al mercato messicano (67,8 per cento)<a href=\"#_ftn17\" name=\"_ftnref17\">[17]<\/a>.<\/p>\n<p>Una quota significativa del commercio US-EU riguarda gli <strong>scambi realizzati tra societ\u00e0 dello stesso gruppo multinazionale<\/strong><a href=\"#_ftn18\" name=\"_ftnref18\">[18]<\/a>. Le societ\u00e0 affiliate statunitensi operanti in Europa contribuiscono per circa il 13% del PIL dell&#8217;UE (con un fatturato di 2,1 trilioni di dollari), mentre le affiliate UE negli Stati Uniti rappresentano l&#8217;11% del PIL degli Stati Uniti (con vendite pari a 1,6 trilioni di dollari).<br \/>\nNel 2002 gli scambi commerciali tra societ\u00e0 affiliate residenti nelle due parti dell&#8217;Atlantico hanno rappresentato il 47% ($ 172.000.000.000) del totale degli scambi di merci UE-US, con un aumento del 50% ($ 307.000.000.000) dal 2012. E\u2019 stato inoltre posto in evidenza che le esportazioni intra-firm rappresentano il 32% del totale delle esportazioni US verso l&#8217;Europa, quota rimasta relativamente stabile nel decennio 2002-2012. Le importazioni intra-firm hanno invece rappresentato il 62% del totale delle importazioni statunitensi provenienti dall&#8217;EU. Quasi la met\u00e0 del valore aggiunto prodotto dalle affiliate estere statunitensi in Europa si \u00e8 concentrato in tre paesi: Regno Unito, Germania e Irlanda.<\/p>\n<p>L&#8217;Irlanda \u00e8 in assoluto il paese con l&#8217;economia maggiormente dipendente dalle affiliate estere di imprese multinazionali. Esse forniscono circa l&#8217;80% del valore aggiunto nel settore manufatturiero e il 40% del valore aggiunto nel settore dei servizi<a href=\"#_ftn19\" name=\"_ftnref19\">[19]<\/a>.<\/p>\n<p>Per quanto riguarda in modo specifico l&#8217;Europa, la maggior parte delle imprese a controllo estero sono residenti in uno dei paesi dell&#8217;UE<a href=\"#_ftn20\" name=\"_ftnref20\">[20]<\/a>. In alcuni paesi vi \u00e8 comunque un&#8217;alta percentuale di imprese a controllo estero al di fuori della UE. Fra questi spicca il Lussemburgo con una quota che si aggira intorno all&#8217;80%.<\/p>\n<blockquote><p>In un <strong>recente report (2025)<\/strong><a href=\"#_ftn21\" name=\"_ftnref21\">[21]<\/a> del dipartimento di Statistica del <strong>FMI<\/strong> viene posta particolare attenzione al fatto che <strong>gli scambi infragruppo \u2013 ovvero tra societ\u00e0 affiliate \u2013 e gli scambi tra societ\u00e0 indipendenti non possono essere considerati uguali<\/strong>, poich\u00e9 nel primo caso le transazioni producono spesso valori di scambio e prezzi alterati sia al rialzo che al ribasso, definendoli esplicitamente come <strong>\u201cdistorti\u201d e dunque sostanzialmente inaffidabili<\/strong> ai fini del rilevamento e del monitoraggio statistico (par. 3.113, 3.114, 3.115, 3.226, 8.18, A15.21).<\/p><\/blockquote>\n<p>Anche ai fini dell\u2019analisi del debito, quelli interaziendali vengono identificati separatamente poich\u00e9 presentano implicazioni di rischio e \u201cvulnerabilit\u00e0\u201d differenti rispetto ai debiti tra parti non correlate (par. 6.26). il Report mostra anche l\u2019importanza dei debiti tra societ\u00e0 collegate e degli interscambi tra le stesse legate proprio ai finanziamenti ricevuti (par. 7.20, 7.21 e 7.22).<\/p>\n<p>Nelle successive pagine si tenta di dare una dimensione al fenomeno degli scambi tra societ\u00e0 affiliate, vista l\u2019importanza che questo assume sull\u2019identit\u00e0 e sulla quantit\u00e0 degli scambi transfrontalieri, <strong>spingendosi sino a definire una societ\u00e0 controlla come una \u201cquasi-corporation\u201d<\/strong> (par. 10.33).<\/p>\n<blockquote><p>Come si vedr\u00e0 meglio in seguito, il fenomeno della \u201ceconomia apparente a contraente unico\u201d trova conferma nei tentativi di dare una dimensione agli scambi di inputs intermedi infragruppo ponendo l\u2019accento sui contratti di fornitura tra controllante e controllata, dunque sul correlato fenomeno dell\u2019outsourcing (par. 10.56 ss.).<\/p><\/blockquote>\n<p>Anche l\u2019OECD sta indagando attentamente sul fenomeno cercando di fornire le basi metodologiche per una corretta rappresentazione statistica degli IDE in ragione della crescente importanza degli scambi infragruppo a livello internazionale, ovvero delle relazioni commerciali internazionali, ma anche sui rapporti di credito e di debito tra le consociate<a href=\"#_ftn22\" name=\"_ftnref22\">[22]<\/a>.<\/p>\n<p><a href=\"#_ftnref1\" name=\"_ftn1\">[1]<\/a>\u00a0\u00a0\u00a0\u00a0 Cfr. Timothy J. Sturgeon, <em>Global Value Chains and Economic Globalization &#8211; Towards a New Measurement Framework<\/em>, <em>Report to Eurostat<\/em>, Industrial Performance Center,\u00a0 Massachusetts Institute of Technology, maggio 2013.<\/p>\n<p><a href=\"#_ftnref2\" name=\"_ftn2\">[2]<\/a>\u00a0\u00a0\u00a0\u00a0 L&#8217;importanza della statistica nella comprensione dei fenomeni economici e sulla necessit\u00e0 di ulteriori analisi ed approfondimenti <em>Working Party on International Trade in Goods and Trade in Services Statistics<\/em>, STD\/CSSP\/WPTGS\/M(2016).<\/p>\n<p><a href=\"#_ftnref3\" name=\"_ftn3\">[3]<\/a>\u00a0\u00a0\u00a0\u00a0 Fonte: http:\/\/ec.europa.eu\/eurostat\/documents\/39118\/6581752\/Communication-changes-FDI.pdf.<\/p>\n<p><a href=\"#_ftnref4\" name=\"_ftn4\">[4]<\/a>\u00a0\u00a0\u00a0\u00a0 Sito OECD.<\/p>\n<p><a href=\"#_ftnref5\" name=\"_ftn5\">[5]<\/a>\u00a0\u00a0\u00a0\u00a0 Banca d&#8217;Italia, Alessandro Borin e Riccardo Cristadoro, Gli investimenti diretti esteri e le multinazionali, n. 243, ottobre 2014.<\/p>\n<p><a href=\"#_ftnref6\" name=\"_ftn6\">[6]<\/a>\u00a0\u00a0\u00a0\u00a0 Cfr., UNCTAD, <em>World Investment Report 2016: Investor Nationality: Policy Challenges<\/em>, United Nations, 2016.<\/p>\n<p><a href=\"#_ftnref7\" name=\"_ftn7\">[7]<\/a>\u00a0\u00a0\u00a0\u00a0 Cfr., UNCTAD, <em>Global Value Chains: Investment and Trade for Development<\/em>, United Nations, 2013. Per ci\u00f2 che concerne studi meno recenti sul fenomeno, cfr. Marcos Bonturi and Kiichiro Fukasaku, <em>Globalisation and intra-firm trade: an empirical note<\/em>, OECD, Economic Studies, No. 20, Spring, 1993.<\/p>\n<p><a href=\"#_ftnref8\" name=\"_ftn8\">[8]<\/a><em>\u00a0 \u00a0<\/em>Cfr., M. Ayhan Kose, Csilla Lakatos, Franziska Ohnsorge e Marc Stocker, <em>The Global Role of the U.S. Economy Linkages &#8211; Policies and Spillovers<\/em>, in Policy Research Working Paper 7962, World Bank Group, february 2017.<\/p>\n<p><a href=\"#_ftnref9\" name=\"_ftn9\">[9]<\/a>\u00a0\u00a0\u00a0\u00a0 Cfr., UNCTAD, <em>World Investment Report 2016: Investor Nationality: Policy Challenges<\/em>, cit.<\/p>\n<p><a href=\"#_ftnref10\" name=\"_ftn10\">[10]<\/a>\u00a0\u00a0\u00a0 Cfr., Frances Ruane, <em>FDI Affilaites, Fragmentation and intra \u2013 firm trade<\/em>, 5 settembre 2014, p. 3.<\/p>\n<p><a href=\"#_ftnref11\" name=\"_ftn11\">[11]<\/a>\u00a0\u00a0\u00a0 Cfr., UNCTAD, <em>World Investment Report 2011: Non Equity Modes of International Production and <\/em>Development, New York and Geneva, 2011. Cfr., inoltre, paper Uctad TAD\/TC(2016)6\/REV1.<\/p>\n<p><a href=\"#_ftnref12\" name=\"_ftn12\">[12]<\/a> Cfr. <em>Integrated Balance of Payment and Internationale Position Manual, Seventh Edition (BPM7)<\/em>, Statistic Department IMF, in www.imf.org.<\/p>\n<p><a href=\"#_ftnref13\" name=\"_ftn13\">[13]<\/a>\u00a0\u00a0\u00a0 Cfr., Sandra Stojadinovi\u0107 Jovanovi\u0107, <em>Interdipendence of International Trade Investment Flows in the post crisis period, in E<\/em><em>konomika<\/em>, vol. 16, n. 2, 2016.<\/p>\n<p><a href=\"#_ftnref14\" name=\"_ftn14\">[14]<\/a> Cfr.,\u00a0 M. Ayhan Kose, Csilla Lakatos, Franziska Ohnsorge e Marc Stocker, <em>The Global Role of the U.S. Economy Linkages &#8211; Policies and Spillovers<\/em>, cit., (McKinsey Global Institute 2010).<\/p>\n<p><a href=\"#_ftnref15\" name=\"_ftn15\">[15]<\/a>\u00a0\u00a0\u00a0 Cfr. Sarah P. Scott, <em>Activities of U.S. Multinational Enterprises in the United States and Abroad \u2013 Preliminary Results From the 2014 Benchmark Survey<\/em>, Bureau of Economic Analysis (BEA), dicembre 2016, p. 4.<\/p>\n<p><a href=\"#_ftnref16\" name=\"_ftn16\">[16]<\/a><em>\u00a0\u00a0\u00a0 Ivi<\/em>, p. 3.<\/p>\n<p><a href=\"#_ftnref17\" name=\"_ftn17\">[17]<\/a><em>\u00a0\u00a0\u00a0 Ivi<\/em>, p. 11.<\/p>\n<p><a href=\"#_ftnref18\" name=\"_ftn18\">[18]<\/a>\u00a0\u00a0\u00a0 Per i dati di seguito riportati cfr. C. Lakatos and T. Fukui, <em>EU-US Economic Linkages: The role of multinationals and intra-firm trade<\/em>, European Commission, Issue Paper 2-2013.<\/p>\n<p><a href=\"#_ftnref19\" name=\"_ftn19\">[19]<\/a>\u00a0\u00a0\u00a0 Heike Joebges, <em>Crisis recovery in a country with a high presence of foreign owned companies <\/em><em>\u2010<\/em><em> The case of Ireland<\/em>, in Hans-B\u00f6ckler-Stiftung, Workin Paper, n. 175, gennaio 2017.<\/p>\n<p><a href=\"#_ftnref20\" name=\"_ftn20\">[20]<\/a><em>\u00a0\u00a0\u00a0 Foreign affiliates statistics \u2013 FATS<\/em>, Eurostat, in http:\/\/ec.europa.eu\/eurostat\/statistics-explained\/index.php\/Main_Page, 2014.<\/p>\n<p><a href=\"#_ftnref21\" name=\"_ftn21\">[21]<\/a> Cfr. <em>Integrated Balance of Payment and Internationale Position Manual, Seventh Edition (BPM7)<\/em>, Statistic Department IMF, in www.imf.org.<\/p>\n<p><a href=\"#_ftnref22\" name=\"_ftn22\">[22]<\/a> OCSE (2025),\u00a0<em>Definizione di riferimento OCSE degli investimenti diretti esteri (quinta edizione)<\/em>, OECD Publishing, Parigi,\u00a0https:\/\/doi.org\/10.1787\/7f05c0a3-en.<\/p>\n","protected":false},"excerpt":{"rendered":"<p>L&#8217;imponente commercio internazionale dominato dalle imprese di gruppo necessita di approfondimenti statistici su cui stanno lavorando le pi\u00f9 importanti organizzazioni internazionali interessate, a vario titolo, all&#8217;evoluzione della globalizzazione economica: FMI, Eurostat, Organizzazione Mondiale del Commercio (OMC), Organizzazioni delle Nazioni Unite per lo Sviluppo Industriale (UNIDO), Organizzazione Internazionale del Lavoro (ILO), Banca Mondiale, Organizzazione per la [&hellip;]<\/p>\n","protected":false},"author":1,"featured_media":0,"parent":91,"menu_order":3,"comment_status":"closed","ping_status":"closed","template":"page-customsidebar.php","meta":{"_acf_changed":false,"footnotes":""},"class_list":["post-106","page","type-page","status-publish","hentry"],"acf":[],"_links":{"self":[{"href":"https:\/\/newglobaleconomy.org\/it\/wp-json\/wp\/v2\/pages\/106","targetHints":{"allow":["GET"]}}],"collection":[{"href":"https:\/\/newglobaleconomy.org\/it\/wp-json\/wp\/v2\/pages"}],"about":[{"href":"https:\/\/newglobaleconomy.org\/it\/wp-json\/wp\/v2\/types\/page"}],"author":[{"embeddable":true,"href":"https:\/\/newglobaleconomy.org\/it\/wp-json\/wp\/v2\/users\/1"}],"replies":[{"embeddable":true,"href":"https:\/\/newglobaleconomy.org\/it\/wp-json\/wp\/v2\/comments?post=106"}],"version-history":[{"count":8,"href":"https:\/\/newglobaleconomy.org\/it\/wp-json\/wp\/v2\/pages\/106\/revisions"}],"predecessor-version":[{"id":623,"href":"https:\/\/newglobaleconomy.org\/it\/wp-json\/wp\/v2\/pages\/106\/revisions\/623"}],"up":[{"embeddable":true,"href":"https:\/\/newglobaleconomy.org\/it\/wp-json\/wp\/v2\/pages\/91"}],"wp:attachment":[{"href":"https:\/\/newglobaleconomy.org\/it\/wp-json\/wp\/v2\/media?parent=106"}],"curies":[{"name":"wp","href":"https:\/\/api.w.org\/{rel}","templated":true}]}}