{"id":115,"date":"2025-10-22T09:32:30","date_gmt":"2025-10-22T09:32:30","guid":{"rendered":"https:\/\/newglobaleconomy.org\/?page_id=115"},"modified":"2025-11-06T15:50:25","modified_gmt":"2025-11-06T15:50:25","slug":"outsourcing-and-groups-the-one-contracting-party-apparent-economy","status":"publish","type":"page","link":"https:\/\/newglobaleconomy.org\/it\/the-theory-of-the-one-contracting-party-apparent-economy\/outsourcing-and-groups-the-one-contracting-party-apparent-economy\/","title":{"rendered":"Outsourcing e gruppi: l&#8217;economia apparente a contraente unico"},"content":{"rendered":"<p>Il <strong>nuovo sistema economico mondiale tende quindi a svilupparsi<\/strong> non sul commercio fra imprese indipendenti ma <strong>sulla concatenazione di societ\u00e0<\/strong> \u2013 controllanti e controllate \u2013 che operano in uno spazio sovranazionale, tutte riferite a un&#8217;unica impresa \u201cglobale\u201d, il cui centro direttivo viene spesso individuato nella capogruppo (societ\u00e0 \u201cmadre\u201d). Ciascuna singola relazione fra le societ\u00e0 legate da rapporti di controllo \u2013 o anche solamente partecipate \u2013 non esclude di per s\u00e9 i flussi commerciali di beni e servizi poich\u00e9, in ogni caso, la relazione fra entit\u00e0 societarie anche solo formalmente distinte richiede comunque la stipulazione di accordi commerciali che ne giustifichino legalmente lo <em>scambio<\/em>, cos\u00ec come avviene tra imprese indipendenti.<\/p>\n<p>Ne deriva che il volume di questi accordi \u00e8 maggiore o uguale alla quantit\u00e0 indefinita di operazioni societarie (acquisizioni e vendite di quote di partecipazioni, costituzioni di societ\u00e0, fusioni e incorporazioni) che d\u00e0 corpo ai mercati.<\/p>\n<p>L&#8217;outsourcing e la proliferazione dei gruppi di societ\u00e0 sono quindi fenomeni fortemente interdipendenti, poich\u00e9 alla frammentazione societaria deve quindi corrispondere una formale relazione commerciale \u2013 un contratto di fornitura \u2013 che possa giustificare lo scambio fra societ\u00e0 appartenenti alla medesima impresa multinazionale.<\/p>\n<blockquote><p>Uno dei <strong>pilastri fondamentali della \u201cnuova globalizzazione\u201d<\/strong> \u00e8, infatti, l&#8217;<strong>outsourcing internazionale intra-firm<\/strong>.<\/p><\/blockquote>\n<p>L&#8217;uso su larga scala delle transazioni commerciali intra-gruppo \u00e8 un fenomeno che ha delle implicazioni economiche enormi, poich\u00e9 significa che una buona parte degli scambi commerciali, nazionali e internazionali, vengono realizzati nell&#8217;ambito della stessa impresa \u2013 ancorch\u00e9 formalmente distinta in pi\u00f9 societ\u00e0 \u2013 e non, come ci si aspetterebbe, fra imprese concorrenti.<\/p>\n<blockquote><p><strong>Venditore e compratore verrebbero a coincidere<\/strong>, lo <strong>scambio in s\u00e9 diverrebbe una \u201cfinzione\u201d<\/strong> economica e l&#8217;apparente concorrenza sarebbe in realt\u00e0 espressione di un mercato sostanzialmente oligopolistico, strutturato su un <strong>modello di \u201cscambio a contraente unico\u201d<\/strong>: le condizioni dello scambio commerciale \u2013 del prezzo ovvero di qualsiasi altra scelta rilevante inerente la vita della societ\u00e0 eterodiretta \u2013 sono dettate dalla societ\u00e0 controllante, sia essa formalmente acquirente o venditrice del bene o del servizio prodotto la cui controparte \u00e8 la controllata.<\/p><\/blockquote>\n<p>Il concetto di mercato assunto come paradigmatico dalla scienza economica non \u00e8 in grado di cogliere l&#8217;essenza del nuovo metodo di sviluppo della produzione globale, poich\u00e9 si fonda sull&#8217;idea astratta e indifferenziata di impresa, tale per cui vengono posti sullo stesso piano gli scambi realizzati tra imprese indipendenti e gli scambi realizzati tra societ\u00e0 della stessa impresa.<\/p>\n","protected":false},"excerpt":{"rendered":"<p>Il nuovo sistema economico mondiale tende quindi a svilupparsi non sul commercio fra imprese indipendenti ma sulla concatenazione di societ\u00e0 \u2013 controllanti e controllate \u2013 che operano in uno spazio sovranazionale, tutte riferite a un&#8217;unica impresa \u201cglobale\u201d, il cui centro direttivo viene spesso individuato nella capogruppo (societ\u00e0 \u201cmadre\u201d). Ciascuna singola relazione fra le societ\u00e0 legate [&hellip;]<\/p>\n","protected":false},"author":1,"featured_media":0,"parent":91,"menu_order":4,"comment_status":"closed","ping_status":"closed","template":"page-customsidebar.php","meta":{"_acf_changed":false,"footnotes":""},"class_list":["post-115","page","type-page","status-publish","hentry"],"acf":[],"_links":{"self":[{"href":"https:\/\/newglobaleconomy.org\/it\/wp-json\/wp\/v2\/pages\/115","targetHints":{"allow":["GET"]}}],"collection":[{"href":"https:\/\/newglobaleconomy.org\/it\/wp-json\/wp\/v2\/pages"}],"about":[{"href":"https:\/\/newglobaleconomy.org\/it\/wp-json\/wp\/v2\/types\/page"}],"author":[{"embeddable":true,"href":"https:\/\/newglobaleconomy.org\/it\/wp-json\/wp\/v2\/users\/1"}],"replies":[{"embeddable":true,"href":"https:\/\/newglobaleconomy.org\/it\/wp-json\/wp\/v2\/comments?post=115"}],"version-history":[{"count":5,"href":"https:\/\/newglobaleconomy.org\/it\/wp-json\/wp\/v2\/pages\/115\/revisions"}],"predecessor-version":[{"id":625,"href":"https:\/\/newglobaleconomy.org\/it\/wp-json\/wp\/v2\/pages\/115\/revisions\/625"}],"up":[{"embeddable":true,"href":"https:\/\/newglobaleconomy.org\/it\/wp-json\/wp\/v2\/pages\/91"}],"wp:attachment":[{"href":"https:\/\/newglobaleconomy.org\/it\/wp-json\/wp\/v2\/media?parent=115"}],"curies":[{"name":"wp","href":"https:\/\/api.w.org\/{rel}","templated":true}]}}