{"id":126,"date":"2025-10-22T09:43:02","date_gmt":"2025-10-22T09:43:02","guid":{"rendered":"https:\/\/newglobaleconomy.org\/?page_id=126"},"modified":"2025-11-06T15:55:45","modified_gmt":"2025-11-06T15:55:45","slug":"the-corporate-group-model-in-economics-and-in-law","status":"publish","type":"page","link":"https:\/\/newglobaleconomy.org\/it\/the-theory-of-the-one-contracting-party-apparent-economy\/the-corporate-group-model-in-economics-and-in-law\/","title":{"rendered":"Il modello di gruppo dell&#8217;impresa globale fra economia e diritto"},"content":{"rendered":"<p>L&#8217;<strong>idea statica di impresa<\/strong> cui si riferiscono la scienza economica e la scienza giuridica subisce tuttavia una profonda <strong>metamorfosi<\/strong> con l&#8217;adozione di una particolare <strong>struttura organizzativa adottata dalle multinazionali<\/strong>: il <strong>gruppo di societ\u00e0<\/strong> che, come gi\u00e0 accennato, rappresenta il principale attore dei mercati mondiali.<\/p>\n<p>Una societ\u00e0 madre (holding o anche capogruppo) costituisce una o pi\u00f9 societ\u00e0 controllate e ad alcune di queste attribuisce strategicamente attivit\u00e0, rapporti di lavoro, contratti di fornitura, asset finanziari, ecc. Tranne in alcuni casi particolari, su tutto ci\u00f2 che viene contrattualizzato mediante societ\u00e0 controllate, la holding non ha alcuna responsabilit\u00e0 legale diretta.<\/p>\n<blockquote><p>Una singola controllata ben potrebbe essere costretta a chiudere i battenti nonostante il resto del gruppo continui a realizzare ingenti utili.<\/p><\/blockquote>\n<p>La holding opera come una sorta di cervello collettivo che elabora le strategie globali di gruppo, la cui espansione nella scacchiera mondiale avviene con la creazione di numerose societ\u00e0 figlie, che vengono dotate di una propria soggettivit\u00e0 giuridica, come se si trattasse di imprese distinte e autonome da quella che la controlla.<\/p>\n<p>Ci\u00f2 significa che la medesima impresa di gruppo pu\u00f2 operare nel mercato con una quantit\u00e0 indefinita di societ\u00e0.<\/p>\n","protected":false},"excerpt":{"rendered":"<p>L&#8217;idea statica di impresa cui si riferiscono la scienza economica e la scienza giuridica subisce tuttavia una profonda metamorfosi con l&#8217;adozione di una particolare struttura organizzativa adottata dalle multinazionali: il gruppo di societ\u00e0 che, come gi\u00e0 accennato, rappresenta il principale attore dei mercati mondiali. Una societ\u00e0 madre (holding o anche capogruppo) costituisce una o pi\u00f9 [&hellip;]<\/p>\n","protected":false},"author":1,"featured_media":0,"parent":91,"menu_order":6,"comment_status":"closed","ping_status":"closed","template":"page-customsidebar.php","meta":{"_acf_changed":false,"footnotes":""},"class_list":["post-126","page","type-page","status-publish","hentry"],"acf":[],"_links":{"self":[{"href":"https:\/\/newglobaleconomy.org\/it\/wp-json\/wp\/v2\/pages\/126","targetHints":{"allow":["GET"]}}],"collection":[{"href":"https:\/\/newglobaleconomy.org\/it\/wp-json\/wp\/v2\/pages"}],"about":[{"href":"https:\/\/newglobaleconomy.org\/it\/wp-json\/wp\/v2\/types\/page"}],"author":[{"embeddable":true,"href":"https:\/\/newglobaleconomy.org\/it\/wp-json\/wp\/v2\/users\/1"}],"replies":[{"embeddable":true,"href":"https:\/\/newglobaleconomy.org\/it\/wp-json\/wp\/v2\/comments?post=126"}],"version-history":[{"count":4,"href":"https:\/\/newglobaleconomy.org\/it\/wp-json\/wp\/v2\/pages\/126\/revisions"}],"predecessor-version":[{"id":629,"href":"https:\/\/newglobaleconomy.org\/it\/wp-json\/wp\/v2\/pages\/126\/revisions\/629"}],"up":[{"embeddable":true,"href":"https:\/\/newglobaleconomy.org\/it\/wp-json\/wp\/v2\/pages\/91"}],"wp:attachment":[{"href":"https:\/\/newglobaleconomy.org\/it\/wp-json\/wp\/v2\/media?parent=126"}],"curies":[{"name":"wp","href":"https:\/\/api.w.org\/{rel}","templated":true}]}}