{"id":131,"date":"2025-10-24T07:43:05","date_gmt":"2025-10-24T07:43:05","guid":{"rendered":"https:\/\/newglobaleconomy.org\/?page_id=131"},"modified":"2025-11-06T16:01:33","modified_gmt":"2025-11-06T16:01:33","slug":"corporate-groups-and-market-schizophrenia","status":"publish","type":"page","link":"https:\/\/newglobaleconomy.org\/it\/the-theory-of-the-one-contracting-party-apparent-economy\/corporate-groups-and-market-schizophrenia\/","title":{"rendered":"Gruppi di societ\u00e0 e schizofrenia"},"content":{"rendered":"<p>Non esiste una legge che in linea generale attribuisca responsabilit\u00e0 dirette alle societ\u00e0 controllanti rispetto alle obbligazioni assunte dalle sue controllate, nonostante le prime esercitino un rilevante potere di governo sull&#8217;intero gruppo.<\/p>\n<p>Il gruppo di impresa \u00e8 sostanzialmente un&#8217;aggregazione di societ\u00e0 formalmente autonome e giuridicamente distinte l&#8217;una dall&#8217;altra, ma tutte accomunate dall&#8217;assoggettamento al potere di direzione della societ\u00e0-madre (o capogruppo), che le dirige perch\u00e9 le controlla totalmente o in maggioranza, sia direttamente che indirettamente<a href=\"#_ftn1\" name=\"_ftnref1\">[1]<\/a>. Quasi tutti gli ordinamenti sono privi di una definizione di gruppo di societ\u00e0, ne deriva che il pi\u00f9 importante operatore economico internazionale \u2013 l&#8217;impresa di gruppo o multinazionale appunto \u2013 non \u00e8 configurabile come un soggetto di diritto unico cui attribuire responsabilit\u00e0 dirette in ordine all&#8217;esercizio dell&#8217;attivit\u00e0 d&#8217;impresa.<\/p>\n<blockquote><p>Il principio della <em>separazione<\/em> della personalit\u00e0 giuridica tra le diverse societ\u00e0 \u00e8 un presupposto legale universale su cui si reggono le transazioni commerciali di tutto il mondo.<\/p><\/blockquote>\n<p>Un valore altrettanto universale che caratterizza i mercati mondiali \u00e8 <strong>lo scopo del controllo societario<\/strong>, ossia quello di <strong>garantire l&#8217;esistenza di una impresa economica unitaria<\/strong> gestita da un&#8217;unica regia direttiva, pur in presenza di una pluralit\u00e0 di distinte entit\u00e0 giuridiche che la rappresentano.<\/p>\n<p>Dal corollario dell&#8217;alterit\u00e0 soggettiva fra le societ\u00e0 appartenenti al medesimo gruppo si ricava quello della formale <em>indipendenza<\/em> di cui dovrebbero essere dotate le controllate. Tale presupposto \u00e8 essenziale per giustificare la separazione legale con la societ\u00e0 madre, che permette, a sua volta, di scindere e frammentare le responsabilit\u00e0 nei confronti di terzi all&#8217;interno del gruppo. L&#8217;attribuzione di responsabilit\u00e0 dirette in capo alle societ\u00e0 controllanti \u00e8 generalmente prevista in ipotesi di abuso del potere di direzione ai danni delle societ\u00e0 controllate e dei suoi portatori di interesse.<\/p>\n<p><strong><a href=\"#_ftnref1\" name=\"_ftn1\">[1]<\/a><\/strong>\u201cForms of \u2018control\u2019 (sometimes also termed \u2018dominance\u2019) may vary but regularly include the ownership of a majority of the issued stock of the controlled entity, the ownership of a majority of the voting rights, the right to determine the composition of such entity\u2019s governing body (board of directors, supervisory board, etc.), the right to influence or direct such entity\u2019s otherwise autonomous decision\u2011making process, and any combination thereof (Forum Europaeum 2000, pp 187-91; Kluver 2000, pp 291-93; Nygh 2002, p 52)\u201d, Ren\u00e9 Reich-Graefe, <em>Relational Networks and Enterprise Law: Comparative Trends of Network Liability in the United States and Europe<\/em>, p. 4.<\/p>\n","protected":false},"excerpt":{"rendered":"<p>Non esiste una legge che in linea generale attribuisca responsabilit\u00e0 dirette alle societ\u00e0 controllanti rispetto alle obbligazioni assunte dalle sue controllate, nonostante le prime esercitino un rilevante potere di governo sull&#8217;intero gruppo. Il gruppo di impresa \u00e8 sostanzialmente un&#8217;aggregazione di societ\u00e0 formalmente autonome e giuridicamente distinte l&#8217;una dall&#8217;altra, ma tutte accomunate dall&#8217;assoggettamento al potere di [&hellip;]<\/p>\n","protected":false},"author":1,"featured_media":0,"parent":91,"menu_order":7,"comment_status":"closed","ping_status":"closed","template":"page-customsidebar.php","meta":{"_acf_changed":false,"footnotes":""},"class_list":["post-131","page","type-page","status-publish","hentry"],"acf":[],"_links":{"self":[{"href":"https:\/\/newglobaleconomy.org\/it\/wp-json\/wp\/v2\/pages\/131","targetHints":{"allow":["GET"]}}],"collection":[{"href":"https:\/\/newglobaleconomy.org\/it\/wp-json\/wp\/v2\/pages"}],"about":[{"href":"https:\/\/newglobaleconomy.org\/it\/wp-json\/wp\/v2\/types\/page"}],"author":[{"embeddable":true,"href":"https:\/\/newglobaleconomy.org\/it\/wp-json\/wp\/v2\/users\/1"}],"replies":[{"embeddable":true,"href":"https:\/\/newglobaleconomy.org\/it\/wp-json\/wp\/v2\/comments?post=131"}],"version-history":[{"count":5,"href":"https:\/\/newglobaleconomy.org\/it\/wp-json\/wp\/v2\/pages\/131\/revisions"}],"predecessor-version":[{"id":633,"href":"https:\/\/newglobaleconomy.org\/it\/wp-json\/wp\/v2\/pages\/131\/revisions\/633"}],"up":[{"embeddable":true,"href":"https:\/\/newglobaleconomy.org\/it\/wp-json\/wp\/v2\/pages\/91"}],"wp:attachment":[{"href":"https:\/\/newglobaleconomy.org\/it\/wp-json\/wp\/v2\/media?parent=131"}],"curies":[{"name":"wp","href":"https:\/\/api.w.org\/{rel}","templated":true}]}}