{"id":146,"date":"2025-10-24T08:21:29","date_gmt":"2025-10-24T08:21:29","guid":{"rendered":"https:\/\/newglobaleconomy.org\/?page_id=146"},"modified":"2025-11-07T07:51:42","modified_gmt":"2025-11-07T07:51:42","slug":"the-legal-anomaly-of-the-coexistence-of-corporate-autonomy-and-management-by-third-parties","status":"publish","type":"page","link":"https:\/\/newglobaleconomy.org\/it\/the-theory-of-the-one-contracting-party-apparent-economy\/the-legal-anomaly-of-the-coexistence-of-corporate-autonomy-and-management-by-third-parties\/","title":{"rendered":"L&#8217;anomalia giuridica della coesistenza tra autonomia ed eterodirezione societaria"},"content":{"rendered":"<p>La realt\u00e0 economica \u00e8 diversa da quella giuridica, o quest\u2019ultima presenta delle <strong>incongruenze tali da rendere l&#8217;impresa e il mercato oggetto di enormi distorsioni e strumentalizzazioni<\/strong>? Ha senso parlare di una impresa di gruppo senza autonoma identit\u00e0 giuridica passibile di imputazione diretta di responsabilit\u00e0 (imprenditoriale)?<\/p>\n<p>Per rispondere a questa domanda il punto di partenza non pu\u00f2 non essere la <strong>evidente contraddizione terminologica fra soggezione all&#8217;altrui controllo e autonomia in capo alla medesima entit\u00e0 societaria<\/strong> <em>controllata<\/em>.<\/p>\n<p>Il controllo esercitato da una societ\u00e0 nei confronti di un&#8217;altra \u00e8 il parametro di riferimento utilizzato nelle legislazioni vigenti per sancire la condizione di sottoposizione all&#8217;altrui direzione nella conduzione delle scelte organizzative, commerciali e finanziarie. Formalmente il controllo pu\u00f2 manifestarsi in diversi modi, in genere si riferisce alla maggioranza delle quote di partecipazione della societ\u00e0 controllata, al possesso della maggioranza dei diritti di voto esercitabili, alla possibilit\u00e0 di determinare la composizione degli organi di governo, al potere di influenzare in altri modi le decisioni da assumere o, si rileva, attraverso una combinazione di questi elementi<a href=\"#_ftn1\" name=\"_ftnref1\">[1]<\/a>.<\/p>\n<p>L&#8217;eterogeneit\u00e0 delle forme di controllo societario risponde a un principio giuridico generale, che \u00e8 quello di individuare, anzitutto sotto il profilo teorico, i casi in cui si manifesta l&#8217;eterodirezione societaria, ponendo in tal senso una presunzione assoluta di controllo, cio\u00e8 di sottoposizione all&#8217;altrui direzione, considerata legittima nonostante la distinta personalit\u00e0 giuridica delle societ\u00e0 appartenenti al gruppo, che per\u00f2, a sua volta, si fonda su un principio diametralmente opposto, ossia l&#8217;autonomia.<\/p>\n<p>L&#8217;anomalia giuridica della coesistenza in capo alla medesima societ\u00e0 dell&#8217;autonomia e dell&#8217;eterodirezione risulta ancor pi\u00f9 evidente se si indaga in termini di rapporto fra fattispecie imprenditoriale e fattispecie societaria. La societ\u00e0 \u00e8 la forma tipica di esercizio dell&#8217;attivit\u00e0 d&#8217;impresa, rappresenta la veste giuridica del fenomeno produttivo da cui si ricavano diritti e obblighi nei confronti di terzi, ovvero nei confronti del mercato di riferimento. La societ\u00e0 definisce quindi l&#8217;ambito e i limiti dell&#8217;attribuzione delle responsabilit\u00e0 \u2013 e dunque del rischio \u2013 in seno all&#8217;impresa.<\/p>\n<p><a href=\"#_ftnref1\" name=\"_ftn1\">[1]<\/a> Per tutti, cfr. Ren\u00e9 Reich-Graefe, <em>Relational Networks and Enterprise Law: Comparative Trends of Network Liability in the United States and Europe<\/em>, p. 3.<\/p>\n","protected":false},"excerpt":{"rendered":"<p>La realt\u00e0 economica \u00e8 diversa da quella giuridica, o quest\u2019ultima presenta delle incongruenze tali da rendere l&#8217;impresa e il mercato oggetto di enormi distorsioni e strumentalizzazioni? Ha senso parlare di una impresa di gruppo senza autonoma identit\u00e0 giuridica passibile di imputazione diretta di responsabilit\u00e0 (imprenditoriale)? Per rispondere a questa domanda il punto di partenza non [&hellip;]<\/p>\n","protected":false},"author":1,"featured_media":0,"parent":91,"menu_order":10,"comment_status":"closed","ping_status":"closed","template":"page-customsidebar.php","meta":{"_acf_changed":false,"footnotes":""},"class_list":["post-146","page","type-page","status-publish","hentry"],"acf":[],"_links":{"self":[{"href":"https:\/\/newglobaleconomy.org\/it\/wp-json\/wp\/v2\/pages\/146","targetHints":{"allow":["GET"]}}],"collection":[{"href":"https:\/\/newglobaleconomy.org\/it\/wp-json\/wp\/v2\/pages"}],"about":[{"href":"https:\/\/newglobaleconomy.org\/it\/wp-json\/wp\/v2\/types\/page"}],"author":[{"embeddable":true,"href":"https:\/\/newglobaleconomy.org\/it\/wp-json\/wp\/v2\/users\/1"}],"replies":[{"embeddable":true,"href":"https:\/\/newglobaleconomy.org\/it\/wp-json\/wp\/v2\/comments?post=146"}],"version-history":[{"count":4,"href":"https:\/\/newglobaleconomy.org\/it\/wp-json\/wp\/v2\/pages\/146\/revisions"}],"predecessor-version":[{"id":638,"href":"https:\/\/newglobaleconomy.org\/it\/wp-json\/wp\/v2\/pages\/146\/revisions\/638"}],"up":[{"embeddable":true,"href":"https:\/\/newglobaleconomy.org\/it\/wp-json\/wp\/v2\/pages\/91"}],"wp:attachment":[{"href":"https:\/\/newglobaleconomy.org\/it\/wp-json\/wp\/v2\/media?parent=146"}],"curies":[{"name":"wp","href":"https:\/\/api.w.org\/{rel}","templated":true}]}}