{"id":152,"date":"2025-10-24T08:24:57","date_gmt":"2025-10-24T08:24:57","guid":{"rendered":"https:\/\/newglobaleconomy.org\/?page_id=152"},"modified":"2025-11-07T07:54:05","modified_gmt":"2025-11-07T07:54:05","slug":"outsourcing-and-groups-two-expressions-of-the-same-phenomenon","status":"publish","type":"page","link":"https:\/\/newglobaleconomy.org\/it\/the-theory-of-the-one-contracting-party-apparent-economy\/outsourcing-and-groups-two-expressions-of-the-same-phenomenon\/","title":{"rendered":"Outsourcing e gruppi: due manifestazioni dello stesso fenomeno"},"content":{"rendered":"<blockquote><p>L&#8217;analisi giuridica e la comparazione fra essa e i fondamentali dell&#8217;economia mostra chiaramente come <strong>la \u201cnuova globalizzazione\u201d si basa su una \u201cfinzione economica\u201d<\/strong>, che consente al pi\u00f9 importante operatore di mercato del mondo di muoversi in una dimensione sovranazionale con una <strong>moltitudine di entit\u00e0 legali apparentemente distinte<\/strong>, e che la principale leva di questa \u201c<strong>economia apparente<\/strong>\u201d sia proprio l&#8217;<strong>outsourcing intra-firm<\/strong>, cio\u00e8 l&#8217;apparente affidamento all&#8217;esterno di un qualcosa che continua invece a essere gestito all&#8217;interno.<\/p><\/blockquote>\n<p>L&#8217;unica variabile che viene effettivamente esternalizzata \u00e8 la <strong>responsabilit\u00e0 legale<\/strong> su talune scelte o fattori aziendali, che si concretizzano in un processo di accumulazione di ricchezza nell&#8217;ambito del quale il profitto \u2013 inteso come differenza tra ricavi e costi \u2013 rappresenta soltanto una componente.<\/p>\n<p>La <strong>societ\u00e0 controllata<\/strong>, essendo appunto <strong>eterodiretta, non pu\u00f2 essere considerata <em>impresa<\/em><\/strong> poich\u00e9 l&#8217;organizzazione dell&#8217;attivit\u00e0 e la sua funzionalizzazione alla creazione di valore \u00e8 espressione di un potere direttivo-imprenditoriale che sta al di fuori di tali entit\u00e0 legali. Nell&#8217;ambito del gruppo, le societ\u00e0 controllate assumono pertanto il compito di svolgere alcune funzioni come una qualsiasi divisione o reparto aziendale.<\/p>\n<p><strong>L&#8217;indipendenza giuridica esplica pertanto i suoi effetti soltanto nei confronti di terzi<\/strong> \u2013 lavoratori, istituzioni pubbliche, fornitori, ecc. \u2013 i quali potranno rivalersi, salvo casi particolari, soltanto sulla societ\u00e0 controllata con cui hanno instaurato rapporti contrattuali, e non anche sull&#8217;intera impresa di gruppo di cui essa fa parte.<\/p>\n<p>La contraddizione terminologica tra il principio di indipendenza e il principio del controllo in capo a una medesima societ\u00e0, trova la sua <strong>massima espressione nei mercati dell&#8217;outsourcing<\/strong>, da cui emerge chiaramente come quella tra eterodirezione e indipendenza \u00e8 una coesistenza impossibile, a meno che non si voglia accettare, sotto il profilo politico ma non certamente scientifico, l&#8217;esistenza di un mercato distorto nelle sue fondamenta in cui \u00e8 possibile fare impresa senza impresa.<\/p>\n<p>Il \u201c<strong>caso limite<\/strong>\u201d \u00e8 quello in cui una societ\u00e0 controllante stipula un contratto di fornitura con una societ\u00e0 controllata al 100% e che svolge esclusivamente le proprie attivit\u00e0 in virt\u00f9 di tale accordo (cosiddette societ\u00e0 \u201cmono commessa\u201d). Il contratto d\u00e0 luogo a una transazione commerciale che quindi non avviene tra due imprese, bens\u00ec tra due societ\u00e0 appartenenti alla stessa impresa. Non vi \u00e8, pertanto, contrapposizione di interessi, il potere direttivo viene esercitato dalla societ\u00e0 controllante che in ambito di gruppo assume appunto la funzione imprenditoriale. Di conseguenza, venditore e compratore verrebbero a coincidere, e il prezzo dello scambio altro non \u00e8 che uno strumento di pressione contrattuale non con la controparte formale, ma con le controparti <em>reali<\/em> delle societ\u00e0 controllate, <em>in primis<\/em> i lavoratori.<\/p>\n","protected":false},"excerpt":{"rendered":"<p>L&#8217;analisi giuridica e la comparazione fra essa e i fondamentali dell&#8217;economia mostra chiaramente come la \u201cnuova globalizzazione\u201d si basa su una \u201cfinzione economica\u201d, che consente al pi\u00f9 importante operatore di mercato del mondo di muoversi in una dimensione sovranazionale con una moltitudine di entit\u00e0 legali apparentemente distinte, e che la principale leva di questa \u201ceconomia [&hellip;]<\/p>\n","protected":false},"author":1,"featured_media":0,"parent":91,"menu_order":11,"comment_status":"closed","ping_status":"closed","template":"page-customsidebar.php","meta":{"_acf_changed":false,"footnotes":""},"class_list":["post-152","page","type-page","status-publish","hentry"],"acf":[],"_links":{"self":[{"href":"https:\/\/newglobaleconomy.org\/it\/wp-json\/wp\/v2\/pages\/152","targetHints":{"allow":["GET"]}}],"collection":[{"href":"https:\/\/newglobaleconomy.org\/it\/wp-json\/wp\/v2\/pages"}],"about":[{"href":"https:\/\/newglobaleconomy.org\/it\/wp-json\/wp\/v2\/types\/page"}],"author":[{"embeddable":true,"href":"https:\/\/newglobaleconomy.org\/it\/wp-json\/wp\/v2\/users\/1"}],"replies":[{"embeddable":true,"href":"https:\/\/newglobaleconomy.org\/it\/wp-json\/wp\/v2\/comments?post=152"}],"version-history":[{"count":4,"href":"https:\/\/newglobaleconomy.org\/it\/wp-json\/wp\/v2\/pages\/152\/revisions"}],"predecessor-version":[{"id":640,"href":"https:\/\/newglobaleconomy.org\/it\/wp-json\/wp\/v2\/pages\/152\/revisions\/640"}],"up":[{"embeddable":true,"href":"https:\/\/newglobaleconomy.org\/it\/wp-json\/wp\/v2\/pages\/91"}],"wp:attachment":[{"href":"https:\/\/newglobaleconomy.org\/it\/wp-json\/wp\/v2\/media?parent=152"}],"curies":[{"name":"wp","href":"https:\/\/api.w.org\/{rel}","templated":true}]}}