{"id":163,"date":"2025-10-27T09:34:36","date_gmt":"2025-10-27T09:34:36","guid":{"rendered":"https:\/\/newglobaleconomy.org\/?page_id=163"},"modified":"2025-11-07T08:19:56","modified_gmt":"2025-11-07T08:19:56","slug":"the-alteration-of-the-entrepreneurial-function-of-economic-models-the-fragmentation-of-the-production-chain-in-the-corporate-group-and-corporate-asymmetries","status":"publish","type":"page","link":"https:\/\/newglobaleconomy.org\/it\/the-theory-of-the-one-contracting-party-apparent-economy\/the-alteration-of-the-entrepreneurial-function-of-economic-models-the-fragmentation-of-the-production-chain-in-the-corporate-group-and-corporate-asymmetries\/","title":{"rendered":"L&#8217;alterazione della funzione imprenditoriale dei modelli economici: la frammentazione della catena di produzione nell&#8217;impresa di gruppo e le asimmetrie societarie"},"content":{"rendered":"<p>Il <strong>gruppo di societ\u00e0<\/strong>, quale modello organizzativo legale delle imprese multinazionali, <strong>altera dunque la struttura dell&#8217;impresa<\/strong> assunta come modello della scienza economica, sino al punto da scardinarne i principi fondanti.<\/p>\n<p>Trattandosi della medesima organizzazione di impresa unitaria di gruppo, le <strong>singole entit\u00e0 legali vengono preposte alla esecuzione di segmenti della stessa attivit\u00e0 produttiva<\/strong>, il cui scopo ultimo \u00e8 quello di creare beni e servizi rivolti ai consumatori finali. L&#8217;interesse collettivo dell&#8217;impresa unica prevale su quello della singola societ\u00e0 controllata, che \u00e8 pi\u00f9 simile, come pi\u00f9 volte evidenziato, a una mera divisione aziendale eterodiretta da una direzione generale che fa capo a un&#8217;altra (o ad altre) societ\u00e0.<\/p>\n<blockquote><p>Gli investimenti in tecnologie, <em>Know how<\/em> e altri elementi utili a incrementare il valore dei singoli segmenti produttivi non sono concentrati in modo \u201cmirato\u201d nelle singole societ\u00e0 che li svolgono, ma seguono <strong>logiche di specializzazione funzionale \u201cglobale\u201d<\/strong> atte a consentire la massimizzazione del profitto dell&#8217;impresa unitaria di gruppo.<\/p><\/blockquote>\n<p>Ne deriva che la <strong>funzione di produzione di una impresa rappresentata legalmente da una singola societ\u00e0 \u00e8 strutturalmente diversa dalla funzione di produzione di una impresa di gruppo<\/strong>, poich\u00e9 in tal caso la funzione di produzione \u00e8 data dalla sommatoria di distinte funzioni di produzione \u2013 con una differente distribuzione dei fattori della produzione e del relativo valore monetario \u2013, che rappresentano distintamente ciascuna societ\u00e0 collegata, secondo una relazione di interdipendenza funzionale.<\/p>\n<p>Alcune societ\u00e0 del gruppo sono pertanto preposte allo svolgimento di funzioni ad alta intensit\u00e0 di capitale, dunque idonee a produrre un alto valore aggiunto, mentre altre rappresentano \u201ccontenitori\u201d di manodopera, destinate a mantenere un basso valore aggiunto, tendenzialmente nullo.<\/p>\n<p>Non vi \u00e8 naturalmente alcun interesse ad aumentare la <strong>redditivit\u00e0 delle societ\u00e0 che gestiscono manodopera<\/strong>, poich\u00e9 gli investimenti in capitale e tecnologia vengono realizzati in altre societ\u00e0 del gruppo, che poi forniscono alle prime, mediante contratti di fornitura, quanto necessario per integrare alle prestazioni di lavoro gli altri fattori della produzione, e consentire in tal modo l&#8217;effettiva realizzazione della parte di attivit\u00e0 cui \u00e8 addetta la manodopera.<\/p>\n<blockquote><p>Di conseguenza, talune societ\u00e0 del gruppo possono essere caricate di costi e private di ricavi per favorire il processo di accumulazione di altre societ\u00e0 del gruppo, generando in loro favore un aumento degli utili superiore al classico concetto di profitto.<\/p><\/blockquote>\n","protected":false},"excerpt":{"rendered":"<p>Il gruppo di societ\u00e0, quale modello organizzativo legale delle imprese multinazionali, altera dunque la struttura dell&#8217;impresa assunta come modello della scienza economica, sino al punto da scardinarne i principi fondanti. Trattandosi della medesima organizzazione di impresa unitaria di gruppo, le singole entit\u00e0 legali vengono preposte alla esecuzione di segmenti della stessa attivit\u00e0 produttiva, il cui [&hellip;]<\/p>\n","protected":false},"author":2,"featured_media":0,"parent":91,"menu_order":13,"comment_status":"closed","ping_status":"closed","template":"page-customsidebar.php","meta":{"_acf_changed":false,"footnotes":""},"class_list":["post-163","page","type-page","status-publish","hentry"],"acf":[],"_links":{"self":[{"href":"https:\/\/newglobaleconomy.org\/it\/wp-json\/wp\/v2\/pages\/163","targetHints":{"allow":["GET"]}}],"collection":[{"href":"https:\/\/newglobaleconomy.org\/it\/wp-json\/wp\/v2\/pages"}],"about":[{"href":"https:\/\/newglobaleconomy.org\/it\/wp-json\/wp\/v2\/types\/page"}],"author":[{"embeddable":true,"href":"https:\/\/newglobaleconomy.org\/it\/wp-json\/wp\/v2\/users\/2"}],"replies":[{"embeddable":true,"href":"https:\/\/newglobaleconomy.org\/it\/wp-json\/wp\/v2\/comments?post=163"}],"version-history":[{"count":7,"href":"https:\/\/newglobaleconomy.org\/it\/wp-json\/wp\/v2\/pages\/163\/revisions"}],"predecessor-version":[{"id":644,"href":"https:\/\/newglobaleconomy.org\/it\/wp-json\/wp\/v2\/pages\/163\/revisions\/644"}],"up":[{"embeddable":true,"href":"https:\/\/newglobaleconomy.org\/it\/wp-json\/wp\/v2\/pages\/91"}],"wp:attachment":[{"href":"https:\/\/newglobaleconomy.org\/it\/wp-json\/wp\/v2\/media?parent=163"}],"curies":[{"name":"wp","href":"https:\/\/api.w.org\/{rel}","templated":true}]}}