{"id":167,"date":"2025-10-27T09:32:20","date_gmt":"2025-10-27T09:32:20","guid":{"rendered":"https:\/\/newglobaleconomy.org\/?page_id=167"},"modified":"2025-11-07T08:25:35","modified_gmt":"2025-11-07T08:25:35","slug":"14-artificially-distorted-productivity-and-added-value-the-corporate-group-as-a-multiplier-of-social-inequality","status":"publish","type":"page","link":"https:\/\/newglobaleconomy.org\/it\/the-theory-of-the-one-contracting-party-apparent-economy\/14-artificially-distorted-productivity-and-added-value-the-corporate-group-as-a-multiplier-of-social-inequality\/","title":{"rendered":"Produttivit\u00e0 e valore aggiunto artificiosamente falsati: il gruppo di societ\u00e0 come moltiplicatore della diseguaglianza sociale"},"content":{"rendered":"<p>Gli scambi commerciali bidirezionali a contraente unico all&#8217;interno dell&#8217;impresa di gruppo fanno dunque s\u00ec che il valore aggiunto delle attivit\u00e0 in essa svolte venga artificiosamente canalizzato in alcune entit\u00e0 legali infragruppo a discapito di altre.<\/p>\n<blockquote><p>Una delle conseguenze pi\u00f9 importanti dell&#8217;economia a contraente unico \u00e8 infatti la <strong>dissociazione strutturale tra produttivit\u00e0 e distribuzione del reddito da lavoro<\/strong>.<\/p><\/blockquote>\n<p>Il caso pi\u00f9 intuitivo \u00e8 quello delle attivit\u00e0 <em>labour intensive<\/em> realizzate dalle societ\u00e0 controllate e rese in favore di altre societ\u00e0 collegate, in genere la capogruppo. In tal caso, le societ\u00e0 controllate vestono formalmente i panni di fornitori nei confronti della propria controllante, impiegando prevalentemente forza lavoro per l&#8217;esecuzione di attivit\u00e0 volte, per esempio, alla realizzazione di servizi come il customer care, il back office, attivit\u00e0 di carattere amministrativo e contabile o, ancora, il lavoro svolto dai <em>riders<\/em>. In verit\u00e0, tali attivit\u00e0 non sono <em>labour intensive<\/em>, poich\u00e9 per la loro realizzazione \u00e8 necessario impiegare costose infrastrutture tecnologiche, che inglobano in s\u00e9 il <em>know how<\/em> della catena di produzione in cui \u00e8 impiegata la manodopera.<\/p>\n<p>Essendo la tecnologia e gli altri elementi che creano valore aggiunto gestiti da altre societ\u00e0 del gruppo, accade che <strong>quella che fornisce manodopera non \u00e8 in grado di produrre realmente il servizio<\/strong> \u2013 a esempio di <em>customer care <\/em>\u2013, ma deve necessariamente ricorrere agli <strong>altri fattori della produzione di cui dispongono altre societ\u00e0 dell&#8217;impresa di gruppo<\/strong> di cui fa parte. Questo genera formalmente uno o pi\u00f9 scambi, il cui contraente \u00e8 la societ\u00e0 controllante (o altra societ\u00e0 infragruppo), la quale ha tutto l&#8217;interesse a far assumere formalmente la manodopera alla controllata, cos\u00ec da pagarla il meno possibile.<\/p>\n<blockquote><p>Ne deriva una distribuzione del numero dei lavoratori tra le societ\u00e0 del gruppo funzionale al raggiungimento di tale obiettivo. Le asimmetrie delle funzioni di produzione delle singole societ\u00e0 del gruppo sono tanto maggiori quanto pi\u00f9 elevata \u00e8 la capacit\u00e0 della controllante di sfruttare tale strategia organizzativa.<\/p><\/blockquote>\n<p>Possedendo la <strong>tecnologia<\/strong> e il <strong>potere di controllo societario<\/strong>, il raggiungimento di tale obiettivo \u00e8 un compito piuttosto semplice. E&#8217; sufficiente, infatti, che la controllante fissi in modo unilaterale \u2013 in ragione del controllo esercitato \u2013 un prezzo della fornitura di manodopera appena sufficiente a pagare gli stipendi, fornendo essa stessa, gratuitamente o a titolo oneroso, gli altri mezzi necessari per la realizzazione delle attivit\u00e0. In tal modo, i miglioramenti della conoscenza e della tecnica dell&#8217;impresa di gruppo nel suo complesso non vengono trasposti al fattore lavoro. In altri termini, la produttivit\u00e0 del lavoro viene artificiosamente ridotta mediante la sottrazione di valore aggiunto alla societ\u00e0 fornitrice di manodopera.<\/p>\n<p>Se la manodopera \u00e8 collocata in paesi dove il sistema di tutele del lavoro \u00e8 <em>forte<\/em>, vi \u00e8 l&#8217;interesse da parte della holding a far s\u00ec che ci\u00f2 si verifichi (appunto la sottrazione di valore aggiunto), proprio per evitare pressioni normative o sindacali finalizzate a una pi\u00f9 equa distribuzione della ricchezza prodotta.<\/p>\n<p><strong>Il controllo e la direzione tecnico-organizzativa delle attivit\u00e0 svolte dalle consociate \u00e8 fondamentale<\/strong> per potere interferire sulla distribuzione del valore aggiunto. A seconda degli input intermediati e dell&#8217;assetto normativo del paese ospitante, la massimizzazione dell&#8217;accumulazione con il metodo dello scambio a contraente unico si manifesta con gradi e intensit\u00e0 differenti: tanto minore \u00e8 la capacit\u00e0 della \u00abcabina di regia\u00bb del gruppo di controllare a distanza le attivit\u00e0, tanto maggiore \u00e8 il grado di autonomia dei responsabili preposti alla gestione delle societ\u00e0 controllate all&#8217;estero.<\/p>\n","protected":false},"excerpt":{"rendered":"<p>Gli scambi commerciali bidirezionali a contraente unico all&#8217;interno dell&#8217;impresa di gruppo fanno dunque s\u00ec che il valore aggiunto delle attivit\u00e0 in essa svolte venga artificiosamente canalizzato in alcune entit\u00e0 legali infragruppo a discapito di altre. Una delle conseguenze pi\u00f9 importanti dell&#8217;economia a contraente unico \u00e8 infatti la dissociazione strutturale tra produttivit\u00e0 e distribuzione del reddito [&hellip;]<\/p>\n","protected":false},"author":2,"featured_media":0,"parent":91,"menu_order":15,"comment_status":"closed","ping_status":"closed","template":"page-customsidebar.php","meta":{"_acf_changed":false,"footnotes":""},"class_list":["post-167","page","type-page","status-publish","hentry"],"acf":[],"_links":{"self":[{"href":"https:\/\/newglobaleconomy.org\/it\/wp-json\/wp\/v2\/pages\/167","targetHints":{"allow":["GET"]}}],"collection":[{"href":"https:\/\/newglobaleconomy.org\/it\/wp-json\/wp\/v2\/pages"}],"about":[{"href":"https:\/\/newglobaleconomy.org\/it\/wp-json\/wp\/v2\/types\/page"}],"author":[{"embeddable":true,"href":"https:\/\/newglobaleconomy.org\/it\/wp-json\/wp\/v2\/users\/2"}],"replies":[{"embeddable":true,"href":"https:\/\/newglobaleconomy.org\/it\/wp-json\/wp\/v2\/comments?post=167"}],"version-history":[{"count":9,"href":"https:\/\/newglobaleconomy.org\/it\/wp-json\/wp\/v2\/pages\/167\/revisions"}],"predecessor-version":[{"id":648,"href":"https:\/\/newglobaleconomy.org\/it\/wp-json\/wp\/v2\/pages\/167\/revisions\/648"}],"up":[{"embeddable":true,"href":"https:\/\/newglobaleconomy.org\/it\/wp-json\/wp\/v2\/pages\/91"}],"wp:attachment":[{"href":"https:\/\/newglobaleconomy.org\/it\/wp-json\/wp\/v2\/media?parent=167"}],"curies":[{"name":"wp","href":"https:\/\/api.w.org\/{rel}","templated":true}]}}