{"id":180,"date":"2025-10-27T09:41:53","date_gmt":"2025-10-27T09:41:53","guid":{"rendered":"https:\/\/newglobaleconomy.org\/?page_id=180"},"modified":"2025-11-07T08:28:18","modified_gmt":"2025-11-07T08:28:18","slug":"17-one-contracting-party-exchanges-between-different-group-companies","status":"publish","type":"page","link":"https:\/\/newglobaleconomy.org\/it\/the-theory-of-the-one-contracting-party-apparent-economy\/17-one-contracting-party-exchanges-between-different-group-companies\/","title":{"rendered":"Scambi a contraente unico tra imprese di gruppo differenti"},"content":{"rendered":"<p>Tali logiche commerciali possono essere applicate anche negli scambi tra imprese di gruppo differenti, all&#8217;interno delle quali convivono societ\u00e0 ad alto e a basso valore aggiunto. L&#8217;impresa di gruppo fornitrice pu\u00f2 infatti stipulare pi\u00f9 contratti di fornitura per il medesimo servizio all&#8217;impresa cliente, mantenendo le stesse logiche organizzative secondo cui alcune societ\u00e0 manterranno un alto valore aggiunto, mentre altre opereranno come mere fornitrici di manodopera.<\/p>\n<p>In tali casi, lo scambio \u00aba contraente unico\u00bb pu\u00f2 manifestarsi in forme pi\u00f9 complesse poich\u00e9 coinvolge pi\u00f9 di due entit\u00e0 legali e due, anzich\u00e9 una, impresa di gruppo.<\/p>\n<p>Le ipotesi pi\u00f9 emblematiche sono due:<\/p>\n<ul>\n<li>quando l&#8217;impresa di gruppo fornitrice di un servizio (o prodotto) che richiede sia manodopera che altri mezzi di produzione crea un sistema di scambi interno \u2013 bidirezionale o multidirezionale, a seconda del numero di entit\u00e0 legali infragruppo coinvolte \u2013 tale per cui soltanto una delle societ\u00e0 collegate instaura una relazione commerciale con l&#8217;impresa di gruppo cliente;<\/li>\n<li>quando l&#8217;impresa di gruppo fornitrice vende all&#8217;impresa di gruppo cliente singoli fattori produttivi mediante pi\u00f9 societ\u00e0, che nel complesso danno forma al bene o al servizio erogato. Si avranno, in tal caso, pi\u00f9 contratti di fornitura con il cliente stipulati da due o pi\u00f9 societ\u00e0 del fornitore.<\/li>\n<\/ul>\n<blockquote><p>Questo sistema di scambi pu\u00f2 essere definito \u00ab<strong>a contraente unico multidirezionale<\/strong>\u00bb.<\/p><\/blockquote>\n","protected":false},"excerpt":{"rendered":"<p>Tali logiche commerciali possono essere applicate anche negli scambi tra imprese di gruppo differenti, all&#8217;interno delle quali convivono societ\u00e0 ad alto e a basso valore aggiunto. L&#8217;impresa di gruppo fornitrice pu\u00f2 infatti stipulare pi\u00f9 contratti di fornitura per il medesimo servizio all&#8217;impresa cliente, mantenendo le stesse logiche organizzative secondo cui alcune societ\u00e0 manterranno un alto [&hellip;]<\/p>\n","protected":false},"author":2,"featured_media":0,"parent":91,"menu_order":17,"comment_status":"closed","ping_status":"closed","template":"page-customsidebar.php","meta":{"_acf_changed":false,"footnotes":""},"class_list":["post-180","page","type-page","status-publish","hentry"],"acf":[],"_links":{"self":[{"href":"https:\/\/newglobaleconomy.org\/it\/wp-json\/wp\/v2\/pages\/180","targetHints":{"allow":["GET"]}}],"collection":[{"href":"https:\/\/newglobaleconomy.org\/it\/wp-json\/wp\/v2\/pages"}],"about":[{"href":"https:\/\/newglobaleconomy.org\/it\/wp-json\/wp\/v2\/types\/page"}],"author":[{"embeddable":true,"href":"https:\/\/newglobaleconomy.org\/it\/wp-json\/wp\/v2\/users\/2"}],"replies":[{"embeddable":true,"href":"https:\/\/newglobaleconomy.org\/it\/wp-json\/wp\/v2\/comments?post=180"}],"version-history":[{"count":5,"href":"https:\/\/newglobaleconomy.org\/it\/wp-json\/wp\/v2\/pages\/180\/revisions"}],"predecessor-version":[{"id":652,"href":"https:\/\/newglobaleconomy.org\/it\/wp-json\/wp\/v2\/pages\/180\/revisions\/652"}],"up":[{"embeddable":true,"href":"https:\/\/newglobaleconomy.org\/it\/wp-json\/wp\/v2\/pages\/91"}],"wp:attachment":[{"href":"https:\/\/newglobaleconomy.org\/it\/wp-json\/wp\/v2\/media?parent=180"}],"curies":[{"name":"wp","href":"https:\/\/api.w.org\/{rel}","templated":true}]}}