{"id":185,"date":"2025-10-27T09:44:43","date_gmt":"2025-10-27T09:44:43","guid":{"rendered":"https:\/\/newglobaleconomy.org\/?page_id=185"},"modified":"2025-11-07T08:42:54","modified_gmt":"2025-11-07T08:42:54","slug":"18-the-role-of-technology-in-the-one-contracting-party-exchange","status":"publish","type":"page","link":"https:\/\/newglobaleconomy.org\/it\/the-theory-of-the-one-contracting-party-apparent-economy\/18-the-role-of-technology-in-the-one-contracting-party-exchange\/","title":{"rendered":"Il ruolo della tecnologia nello scambio a contraente unico"},"content":{"rendered":"<p>L&#8217;impatto dell&#8217;effetto distorsivo dello scambio a contraente unico sulla redistribuzione della ricchezza \u00e8 tanto pi\u00f9 forte quanto maggiore \u00e8 la capacit\u00e0 dell&#8217;impresa di gruppo di coniugare sapientemente la <strong>leva giuridica<\/strong> con quella <strong>tecnico-organizzativa<\/strong>.<\/p>\n<blockquote><p>In tal senso, <strong>la tecnologia svolge un ruolo di primaria<\/strong> importanza nell&#8217;espansione dell&#8217;economia a contraente unico. L&#8217;integrazione e il controllo del processo produttivo sono essenziali affinch\u00e9 il gruppo possa efficacemente agire come una impresa <em>unica<\/em>, pur operando e apparendo nel mercato come una pluralit\u00e0 di societ\u00e0.<\/p><\/blockquote>\n<p>Al controllo di natura giuridica deve infatti corrispondere il potere di controllo e direttivo sull&#8217;organizzazione di mezzi e sui lavoratori. Altrimenti, la cessione <em>legale<\/em> di singoli elementi della catena di produzione creerebbe delle inefficienze tali da renderla economicamente poco vantaggiosa, specie in caso di delocalizzazione all&#8217;estero.<\/p>\n<p>In special modo, affinch\u00e9 ci\u00f2 sia possibile \u00e8 necessario che vengano<strong> informatizzate le funzioni di carattere amministrativo e contabile<\/strong>, le funzioni relative alla <strong>vendita<\/strong> e alla <strong>distribuzione<\/strong> dei beni finali, nonch\u00e9 quelle legate alla cura della <strong>relazione con la clientela<\/strong>.<\/p>\n<blockquote><p>La <strong>standardizzazione dei dati e delle attivit\u00e0<\/strong> diviene un fattore di successo imprescindibile per l&#8217;impresa di gruppo, altrimenti il controllo e la direzione dei processi sarebbe irrealizzabile.<\/p><\/blockquote>\n<p>I dipendenti addetti a una determinata mansione, per esempio, seppur collocati in territori differenti e assunti da societ\u00e0 diverse, vengono messi nelle condizioni di operare nello stesso identico modo anche mediante l\u2019uso dei medesimi strumenti di lavoro informatici. Il controllo societario si sostanzia cos\u00ec in potere di natura datoriale, a sua volta espressione di potere imprenditoriale. Questo spiega il perch\u00e9 della enorme diffusione del fenomeno.<\/p>\n","protected":false},"excerpt":{"rendered":"<p>L&#8217;impatto dell&#8217;effetto distorsivo dello scambio a contraente unico sulla redistribuzione della ricchezza \u00e8 tanto pi\u00f9 forte quanto maggiore \u00e8 la capacit\u00e0 dell&#8217;impresa di gruppo di coniugare sapientemente la leva giuridica con quella tecnico-organizzativa. In tal senso, la tecnologia svolge un ruolo di primaria importanza nell&#8217;espansione dell&#8217;economia a contraente unico. L&#8217;integrazione e il controllo del processo [&hellip;]<\/p>\n","protected":false},"author":2,"featured_media":0,"parent":91,"menu_order":18,"comment_status":"closed","ping_status":"closed","template":"page-customsidebar.php","meta":{"_acf_changed":false,"footnotes":""},"class_list":["post-185","page","type-page","status-publish","hentry"],"acf":[],"_links":{"self":[{"href":"https:\/\/newglobaleconomy.org\/it\/wp-json\/wp\/v2\/pages\/185","targetHints":{"allow":["GET"]}}],"collection":[{"href":"https:\/\/newglobaleconomy.org\/it\/wp-json\/wp\/v2\/pages"}],"about":[{"href":"https:\/\/newglobaleconomy.org\/it\/wp-json\/wp\/v2\/types\/page"}],"author":[{"embeddable":true,"href":"https:\/\/newglobaleconomy.org\/it\/wp-json\/wp\/v2\/users\/2"}],"replies":[{"embeddable":true,"href":"https:\/\/newglobaleconomy.org\/it\/wp-json\/wp\/v2\/comments?post=185"}],"version-history":[{"count":5,"href":"https:\/\/newglobaleconomy.org\/it\/wp-json\/wp\/v2\/pages\/185\/revisions"}],"predecessor-version":[{"id":654,"href":"https:\/\/newglobaleconomy.org\/it\/wp-json\/wp\/v2\/pages\/185\/revisions\/654"}],"up":[{"embeddable":true,"href":"https:\/\/newglobaleconomy.org\/it\/wp-json\/wp\/v2\/pages\/91"}],"wp:attachment":[{"href":"https:\/\/newglobaleconomy.org\/it\/wp-json\/wp\/v2\/media?parent=185"}],"curies":[{"name":"wp","href":"https:\/\/api.w.org\/{rel}","templated":true}]}}