{"id":187,"date":"2025-10-27T09:45:39","date_gmt":"2025-10-27T09:45:39","guid":{"rendered":"https:\/\/newglobaleconomy.org\/?page_id=187"},"modified":"2025-11-07T08:45:06","modified_gmt":"2025-11-07T08:45:06","slug":"19-the-impact-of-labour-policies-on-the-misalignment-between-productivity-and-wages","status":"publish","type":"page","link":"https:\/\/newglobaleconomy.org\/it\/the-theory-of-the-one-contracting-party-apparent-economy\/19-the-impact-of-labour-policies-on-the-misalignment-between-productivity-and-wages\/","title":{"rendered":"L&#8217;impatto delle politiche del lavoro sul disallineamento tra produttivit\u00e0 e salari"},"content":{"rendered":"<p>In Europa, una delle conseguenze pi\u00f9 importanti della grande crisi finanziaria mondiale innescata nel 2007 con il fallimento della Lehman Brothers \u00e8 stata la <strong>perdita del potere di contrattazione dei lavoratori.<\/strong><\/p>\n<p>L&#8217;allentamento delle maglie dei diritti \u00e8 stato giustificato con l&#8217;esigenza di fornire <strong>alle imprese maggiore flessibilit\u00e0 e snellezza<\/strong> nel gestire momenti di difficolt\u00e0 o di crisi vera e propria.<\/p>\n<blockquote><p>I contratti collettivi hanno incorporato questo ragionamento, subordinando spesso il potere sindacale a obiettivi imprenditoriali, tra cui i pi\u00f9 importanti sono l&#8217;aumento della produttivit\u00e0 e la <strong>decentralizzazione della contrattazione collettiva<\/strong> a livello locale, ovvero a livello di singola impresa (o societ\u00e0, nel caso di impresa di gruppo). Con ci\u00f2 <strong>favorendo gli effetti distorsivi dell&#8217;economia a contraente unico<\/strong>.<\/p><\/blockquote>\n<p>La mancata consapevolezza sugli effetti distorsivi prodotti dall&#8217;economia a contraente unico amplifica l&#8217;attitudine di tali riforme ad agire non sull&#8217;aumento della produttivit\u00e0 ma sulla sua redistribuzione tra capitale e lavoro, data, appunto, l&#8217;incapacit\u00e0 di definire la reale natura e quantificazione della produttivit\u00e0 dell&#8217;impresa <em>globale<\/em>.<\/p>\n<p>In effetti, quella della <strong>decentralizzazione della contrattazione collettiva \u00e8 una vera e propria controtendenza<\/strong> rispetto all&#8217;evoluzione di mercati, che sono al contrario sempre pi\u00f9 globalizzati, con una influenza via via crescente delle imprese multinazionali. Queste, riuscendosi a presentare come entit\u00e0 frazionate e distinte, possono pertanto sfruttare tale divergenza a proprio favore.<\/p>\n","protected":false},"excerpt":{"rendered":"<p>In Europa, una delle conseguenze pi\u00f9 importanti della grande crisi finanziaria mondiale innescata nel 2007 con il fallimento della Lehman Brothers \u00e8 stata la perdita del potere di contrattazione dei lavoratori. L&#8217;allentamento delle maglie dei diritti \u00e8 stato giustificato con l&#8217;esigenza di fornire alle imprese maggiore flessibilit\u00e0 e snellezza nel gestire momenti di difficolt\u00e0 o [&hellip;]<\/p>\n","protected":false},"author":2,"featured_media":0,"parent":91,"menu_order":19,"comment_status":"closed","ping_status":"closed","template":"page-customsidebar.php","meta":{"_acf_changed":false,"footnotes":""},"class_list":["post-187","page","type-page","status-publish","hentry"],"acf":[],"_links":{"self":[{"href":"https:\/\/newglobaleconomy.org\/it\/wp-json\/wp\/v2\/pages\/187","targetHints":{"allow":["GET"]}}],"collection":[{"href":"https:\/\/newglobaleconomy.org\/it\/wp-json\/wp\/v2\/pages"}],"about":[{"href":"https:\/\/newglobaleconomy.org\/it\/wp-json\/wp\/v2\/types\/page"}],"author":[{"embeddable":true,"href":"https:\/\/newglobaleconomy.org\/it\/wp-json\/wp\/v2\/users\/2"}],"replies":[{"embeddable":true,"href":"https:\/\/newglobaleconomy.org\/it\/wp-json\/wp\/v2\/comments?post=187"}],"version-history":[{"count":5,"href":"https:\/\/newglobaleconomy.org\/it\/wp-json\/wp\/v2\/pages\/187\/revisions"}],"predecessor-version":[{"id":656,"href":"https:\/\/newglobaleconomy.org\/it\/wp-json\/wp\/v2\/pages\/187\/revisions\/656"}],"up":[{"embeddable":true,"href":"https:\/\/newglobaleconomy.org\/it\/wp-json\/wp\/v2\/pages\/91"}],"wp:attachment":[{"href":"https:\/\/newglobaleconomy.org\/it\/wp-json\/wp\/v2\/media?parent=187"}],"curies":[{"name":"wp","href":"https:\/\/api.w.org\/{rel}","templated":true}]}}