{"id":195,"date":"2025-10-27T09:49:20","date_gmt":"2025-10-27T09:49:20","guid":{"rendered":"https:\/\/newglobaleconomy.org\/?page_id=195"},"modified":"2025-11-07T08:55:49","modified_gmt":"2025-11-07T08:55:49","slug":"22-the-legal-order-of-the-market-and-the-basis-for-the-exchange","status":"publish","type":"page","link":"https:\/\/newglobaleconomy.org\/it\/the-theory-of-the-one-contracting-party-apparent-economy\/22-the-legal-order-of-the-market-and-the-basis-for-the-exchange\/","title":{"rendered":"L&#8217;ordine giuridico del mercato e il fondamento dello &#8216;scambio&#8217;"},"content":{"rendered":"<p>Occorre a questo punto chiedersi come collocare nella dimensione economica uno scambio che esiste solo legalmente, quella dove, a ragione, ci si pone il problema di come controllare il manager<a href=\"#_ftn1\" name=\"_ftnref1\">[1]<\/a> e non come contrattare il prezzo di acquisto degli input con un fornitore indipendente. E&#8217; il diritto, in fondo, a dar vita a un rapporto di scambio che ha valore nei confronti di terzi ma non essendo realizzato tra soggetti avversari, vengono meno le basi delle tradizionali logiche economiche. Si tratta di <strong>uno scambio diverso da quello competitivo, occorre pertanto strutturare un nuovo approccio teorico<\/strong>, che tocchi a uno strato pi\u00f9 profondo l&#8217;attuale metamorfosi del commercio internazionale: cos&#8217;\u00e8 l&#8217;economia rispetto al diritto.<\/p>\n<p>Un noto giurista italiano, Natalino Irti, esprime con estrema lucidit\u00e0 e profondit\u00e0 l&#8217;artificialit\u00e0 del mercato, ossia la sua dipendenza dall&#8217;ordine giuridico che ne determina il concreto agire. In tal senso, il mercato non pu\u00f2 essere considerato come uno spazio naturale (<em>locus naturalis<\/em>) con leggi che preesistono e sopravvivono alle leggi <em>artificiali<\/em> dell&#8217;uomo.<\/p>\n<blockquote><p>Sicch\u00e9 l&#8217;<strong>economia a contraente unico<\/strong>, scardinando l&#8217;idea di scambio data per scontata nella scienza economica \u2013 e finanche dai sostenitori dell&#8217;ordine giuridico del mercato che presuppone l&#8217;idea di mio e di tuo \u00abdalla quale procede ogni atto di scambio\u00bb \u2013 rappresenta probabilmente oggi la <strong>massima espressione del potere dirompente del diritto sull&#8217;economia<\/strong>.<\/p><\/blockquote>\n<p>Nel dibattito economico la tendenza \u00e8 d&#8217;altronde quella di spiegare il commercio internazionale attraverso lo studio delle dinamiche contrattuali, che si sta esprimendo spostando l&#8217;ago dell&#8217;attenzione sugli assetti organizzativi delle imprese <em>globali<\/em>.<\/p>\n<p><strong>Le distorsioni prodotte dagli scambi intra-firm vanno infatti risolte sul piano del diritto<\/strong>. In assenza di un&#8217;adeguata riforma di legge, \u00e8 sul campo delle controversie legali che, in effetti, si manifesta lo scambio <em>reale <\/em>tra l&#8217;impresa <em>unica <\/em>e i vari contraenti particolari, dallo Stato ai lavoratori. In tali casi, il <em>locus<\/em> <em>economicus<\/em> \u00e8 l&#8217;aula di tribunale, dove gli stakeholders delle societ\u00e0 controllate tentano di far valere le responsabilit\u00e0 delle societ\u00e0 controllanti, ovvero i gruppi d&#8217;impresa nel suo complesso, quali effettive controparti.<\/p>\n<p><a href=\"#_ftnref1\" name=\"_ftn1\">[1]<\/a>\u00a0\u00a0\u00a0\u00a0 Cfr. Grossman e Helpman, <em>Managerial incentives and the international organization of production<\/em>, cit.<\/p>\n","protected":false},"excerpt":{"rendered":"<p>Occorre a questo punto chiedersi come collocare nella dimensione economica uno scambio che esiste solo legalmente, quella dove, a ragione, ci si pone il problema di come controllare il manager[1] e non come contrattare il prezzo di acquisto degli input con un fornitore indipendente. E&#8217; il diritto, in fondo, a dar vita a un rapporto [&hellip;]<\/p>\n","protected":false},"author":2,"featured_media":0,"parent":91,"menu_order":22,"comment_status":"closed","ping_status":"closed","template":"page-customsidebar.php","meta":{"_acf_changed":false,"footnotes":""},"class_list":["post-195","page","type-page","status-publish","hentry"],"acf":[],"_links":{"self":[{"href":"https:\/\/newglobaleconomy.org\/it\/wp-json\/wp\/v2\/pages\/195","targetHints":{"allow":["GET"]}}],"collection":[{"href":"https:\/\/newglobaleconomy.org\/it\/wp-json\/wp\/v2\/pages"}],"about":[{"href":"https:\/\/newglobaleconomy.org\/it\/wp-json\/wp\/v2\/types\/page"}],"author":[{"embeddable":true,"href":"https:\/\/newglobaleconomy.org\/it\/wp-json\/wp\/v2\/users\/2"}],"replies":[{"embeddable":true,"href":"https:\/\/newglobaleconomy.org\/it\/wp-json\/wp\/v2\/comments?post=195"}],"version-history":[{"count":5,"href":"https:\/\/newglobaleconomy.org\/it\/wp-json\/wp\/v2\/pages\/195\/revisions"}],"predecessor-version":[{"id":662,"href":"https:\/\/newglobaleconomy.org\/it\/wp-json\/wp\/v2\/pages\/195\/revisions\/662"}],"up":[{"embeddable":true,"href":"https:\/\/newglobaleconomy.org\/it\/wp-json\/wp\/v2\/pages\/91"}],"wp:attachment":[{"href":"https:\/\/newglobaleconomy.org\/it\/wp-json\/wp\/v2\/media?parent=195"}],"curies":[{"name":"wp","href":"https:\/\/api.w.org\/{rel}","templated":true}]}}