{"id":98,"date":"2025-10-22T08:29:53","date_gmt":"2025-10-22T08:29:53","guid":{"rendered":"https:\/\/newglobaleconomy.org\/?page_id=98"},"modified":"2025-11-06T15:38:04","modified_gmt":"2025-11-06T15:38:04","slug":"introduction","status":"publish","type":"page","link":"https:\/\/newglobaleconomy.org\/it\/the-theory-of-the-one-contracting-party-apparent-economy\/introduction\/","title":{"rendered":"Introduzione"},"content":{"rendered":"<p>Lo studio dei <strong>modelli di sviluppo delle multinazionali <\/strong>\u00e8 destinato ad assumere un<strong> ruolo centrale nel dibattito economico, giuridico e politico<\/strong>, sia per la notevole e crescente influenza che queste esercitano negli scambi internazionali e nelle dinamiche dei mercati interni, sia perch\u00e9 la struttura della comunit\u00e0 internazionale che si sta delineando a partire dalla crisi del 2007 mostra una tendenziale convergenza tra governance pubblica e corporate governance, nel senso di una vera e propria ingerenza degli investitori privati nel governo pubblico degli stati.<\/p>\n<p>Le multinazionali operano mediante una sofisticata ingegneria istituzionale e finanziaria che affonda le sue radici nell&#8217;utilizzo di un particolare strumento giuridico: il Gruppo di societ\u00e0.<\/p>\n<p><strong>I gruppi di societ\u00e0 sono le istituzioni dominanti dell&#8217;economia mondiale<\/strong>, e rappresentano il modello organizzativo delle multinazionali.\u00a0 Gruppi e multinazionali sono due facce della stessa medaglia. Le statistiche mostrano come il commercio internazionale sia sempre pi\u00f9 caratterizzato da scambi che vengono realizzati tra consociate della stessa impresa multinazionale.<\/p>\n<blockquote><p>Attraverso uno studio interdisciplinare si intende dimostrare che il modello del Gruppo di societ\u00e0 d\u00e0 luogo a un <strong>modello di economia a contraente unico, che rappresenta un fattore di destabilizzazione dei mercati<\/strong> economici e finanziari, nonch\u00e9 un <strong>importante ingranaggio della macchina della diseguaglianza sociale<\/strong> del XXI secolo.<\/p><\/blockquote>\n<p>La ricerca \u00e8 incentrata sulla individuazione di quelle dinamiche microeconomiche <em>infragruppo<\/em> in grado di influenzare le variabili macroeconomiche, e conseguentemente le scelte politiche locali e globali.<\/p>\n<p>La <strong>dimensione interdisciplinare e multisettoriale del fenomeno<\/strong> dei gruppi di impresa &#8211; disciplina del lavoro, normativa fiscale, leggi in materia di impresa e societ\u00e0, tecnologia, ecc. &#8211; implica un campo di indagine pi\u00f9 ampio di quello strettamente economico, tale per cui \u00e8 pi\u00f9 corretto riferirsi ad aspetti microsistemici e macrosistemici, e dunque non solo microeconomici e macroeconomici.<\/p>\n<p>Le nuove catene di produzione globali (<em>GVC, <\/em><em>global value chains <\/em>o <em>global supply chains<\/em>) hanno determinato una <strong>metamorfosi del commercio internazionale<\/strong> e l&#8217;emersione di un <strong>nuovo assetto della divisione internazionale del lavoro<\/strong>. Il fenomeno \u00e8 stato ricondotto a una nuova era della globalizzazione che il tradizionale approccio macroeconomico non \u00e8 in grado di spiegare, almeno non totalmente.<\/p>\n<p>L\u2019OECD<a href=\"#_ftn1\" name=\"_ftnref1\">[1]<\/a> ammette come l\u2019analisi delle attivit\u00e0 transfrontaliere delle multinazionali (MNE) sia divenuta rilevante per comprendere le dinamiche delle catene globali del valore (GVC), la cui forte espansione sta radicalmente mettendo in discussione non solo le attuali conoscenze economiche ma anche le conseguenze politiche legate alla globalizzazione, con ci\u00f2 rafforzando l\u2019importanza del presente studio.<\/p>\n<p><a href=\"#_ftnref1\" name=\"_ftn1\">[1]<\/a> Cfr. OECD, www.oecd.org.<\/p>\n","protected":false},"excerpt":{"rendered":"<p>Lo studio dei modelli di sviluppo delle multinazionali \u00e8 destinato ad assumere un ruolo centrale nel dibattito economico, giuridico e politico, sia per la notevole e crescente influenza che queste esercitano negli scambi internazionali e nelle dinamiche dei mercati interni, sia perch\u00e9 la struttura della comunit\u00e0 internazionale che si sta delineando a partire dalla crisi [&hellip;]<\/p>\n","protected":false},"author":1,"featured_media":0,"parent":91,"menu_order":1,"comment_status":"closed","ping_status":"closed","template":"page-customsidebar.php","meta":{"_acf_changed":false,"footnotes":""},"class_list":["post-98","page","type-page","status-publish","hentry"],"acf":[],"_links":{"self":[{"href":"https:\/\/newglobaleconomy.org\/it\/wp-json\/wp\/v2\/pages\/98","targetHints":{"allow":["GET"]}}],"collection":[{"href":"https:\/\/newglobaleconomy.org\/it\/wp-json\/wp\/v2\/pages"}],"about":[{"href":"https:\/\/newglobaleconomy.org\/it\/wp-json\/wp\/v2\/types\/page"}],"author":[{"embeddable":true,"href":"https:\/\/newglobaleconomy.org\/it\/wp-json\/wp\/v2\/users\/1"}],"replies":[{"embeddable":true,"href":"https:\/\/newglobaleconomy.org\/it\/wp-json\/wp\/v2\/comments?post=98"}],"version-history":[{"count":8,"href":"https:\/\/newglobaleconomy.org\/it\/wp-json\/wp\/v2\/pages\/98\/revisions"}],"predecessor-version":[{"id":619,"href":"https:\/\/newglobaleconomy.org\/it\/wp-json\/wp\/v2\/pages\/98\/revisions\/619"}],"up":[{"embeddable":true,"href":"https:\/\/newglobaleconomy.org\/it\/wp-json\/wp\/v2\/pages\/91"}],"wp:attachment":[{"href":"https:\/\/newglobaleconomy.org\/it\/wp-json\/wp\/v2\/media?parent=98"}],"curies":[{"name":"wp","href":"https:\/\/api.w.org\/{rel}","templated":true}]}}